{"id":491,"date":"2022-05-05T11:01:28","date_gmt":"2022-05-05T11:01:28","guid":{"rendered":"https:\/\/coopsostegno.it\/?page_id=491"},"modified":"2022-05-05T11:15:59","modified_gmt":"2022-05-05T11:15:59","slug":"storia","status":"publish","type":"page","link":"https:\/\/coopsostegno.it\/?page_id=491","title":{"rendered":"STORIA"},"content":{"rendered":"\n<p>La Cooperativa Sostegno opera dal 2007 nel settore dei servizi sociali residenziali, sostenendo minori e famiglie con minori a carico in situazioni di disagio psico \u2013 sociale progettando un percorso volto ad attivare e valorizzare le potenzialit\u00e0 e peculiarit\u00e0 intrinseche in ogni individuo, promuovendone l&#8217;autodeterminazione.<br>La Cooperativa Sostegno \u00e8 sempre attenda all&#8217;innovazione ed all\u2019evoluzione digitale, utilizza di un software dedicato (B-Care) per migliorare la gestione integrata delle cartelle socio \u2013 sanitarie degli ospiti, un ottimo supporto che rende tutte le informazioni condivisibili tra i collaboratori e con la struttura di riferimento, nel massimo rispetto delle nuove normative sulla privacy.<\/p>\n","protected":false},"excerpt":{"rendered":"<p>La Cooperativa Sostegno opera dal 2007 nel settore dei servizi sociali residenziali, sostenendo minori e famiglie con minori a carico in situazioni di disagio psico&hellip;<\/p>\n","protected":false},"author":1,"featured_media":0,"parent":0,"menu_order":0,"comment_status":"closed","ping_status":"closed","template":"","meta":{"footnotes":""},"class_list":["post-491","page","type-page","status-publish","hentry"],"_links":{"self":[{"href":"https:\/\/coopsostegno.it\/index.php?rest_route=\/wp\/v2\/pages\/491","targetHints":{"allow":["GET"]}}],"collection":[{"href":"https:\/\/coopsostegno.it\/index.php?rest_route=\/wp\/v2\/pages"}],"about":[{"href":"https:\/\/coopsostegno.it\/index.php?rest_route=\/wp\/v2\/types\/page"}],"author":[{"embeddable":true,"href":"https:\/\/coopsostegno.it\/index.php?rest_route=\/wp\/v2\/users\/1"}],"replies":[{"embeddable":true,"href":"https:\/\/coopsostegno.it\/index.php?rest_route=%2Fwp%2Fv2%2Fcomments&post=491"}],"version-history":[{"count":4,"href":"https:\/\/coopsostegno.it\/index.php?rest_route=\/wp\/v2\/pages\/491\/revisions"}],"predecessor-version":[{"id":526,"href":"https:\/\/coopsostegno.it\/index.php?rest_route=\/wp\/v2\/pages\/491\/revisions\/526"}],"wp:attachment":[{"href":"https:\/\/coopsostegno.it\/index.php?rest_route=%2Fwp%2Fv2%2Fmedia&parent=491"}],"curies":[{"name":"wp","href":"https:\/\/api.w.org\/{rel}","templated":true}]}}